{"id":1166,"date":"2025-02-13T14:42:01","date_gmt":"2025-02-13T14:42:01","guid":{"rendered":"https:\/\/unic.indaweb.it\/contatti\/"},"modified":"2025-10-02T13:44:34","modified_gmt":"2025-10-02T13:44:34","slug":"kontakte","status":"publish","type":"page","link":"https:\/\/unic.indaweb.it\/de\/kontakte\/","title":{"rendered":"Kontakte"},"content":{"rendered":"<p>[et_pb_section fb_built=&#8220;1&#8243; make_equal=&#8220;on&#8220; use_custom_gutter=&#8220;on&#8220; gutter_width=&#8220;4&#8243; specialty=&#8220;on&#8220; _builder_version=&#8220;4.27.4&#8243; _module_preset=&#8220;default&#8220; background_color=&#8220;#161616&#8243; global_colors_info=&#8220;{}&#8220;][et_pb_column type=&#8220;1_2&#8243; specialty_columns=&#8220;2&#8243; _builder_version=&#8220;4.16&#8243; custom_padding=&#8220;|||&#8220; global_colors_info=&#8220;{}&#8220; custom_padding__hover=&#8220;|||&#8220;][et_pb_row_inner _builder_version=&#8220;4.27.4&#8243; _module_preset=&#8220;default&#8220; custom_padding=&#8220;||1%||false|false&#8220; global_colors_info=&#8220;{}&#8220;][et_pb_column_inner saved_specialty_column_type=&#8220;1_2&#8243; _builder_version=&#8220;4.27.4&#8243; _module_preset=&#8220;default&#8220; global_colors_info=&#8220;{}&#8220;][et_pb_text _builder_version=&#8220;4.27.4&#8243; _module_preset=&#8220;default&#8220; header_text_color=&#8220;#FFFFFF&#8220; header_font_size=&#8220;6em&#8220; header_font_size_tablet=&#8220;5em&#8220; header_font_size_phone=&#8220;3em&#8220; header_font_size_last_edited=&#8220;on|tablet&#8220; global_colors_info=&#8220;{}&#8220;]<\/p>\n<h1>Kontaktieren Sie uns<\/h1>\n<p>[\/et_pb_text][et_pb_text _builder_version=&#8220;4.27.4&#8243; _module_preset=&#8220;default&#8220; text_text_color=&#8220;#F2F2F2&#8243; text_letter_spacing=&#8220;0.5px&#8220; text_line_height=&#8220;1.8em&#8220; width=&#8220;100%&#8220; custom_margin=&#8220;||2%||false|false&#8220; hover_enabled=&#8220;0&#8243; global_colors_info=&#8220;{}&#8220; sticky_enabled=&#8220;0&#8243;]<\/p>\n<p>Fragen? Schreiben Sie uns \u00fcber das Formular oder rufen Sie uns an! <\/p>\n<p>[\/et_pb_text][et_pb_divider color=&#8220;#FFFFFF&#8220; divider_position=&#8220;center&#8220; _builder_version=&#8220;4.27.4&#8243; _module_preset=&#8220;default&#8220; custom_margin=&#8220;0px||0px||true|false&#8220; custom_padding=&#8220;0px||0px||true|false&#8220; global_colors_info=&#8220;{}&#8220;][\/et_pb_divider][\/et_pb_column_inner][\/et_pb_row_inner][et_pb_row_inner column_structure=&#8220;1_2,1_2&#8243; use_custom_gutter=&#8220;on&#8220; gutter_width=&#8220;1&#8243; custom_padding_last_edited=&#8220;on|phone&#8220; _builder_version=&#8220;4.27.4&#8243; _module_preset=&#8220;default&#8220; custom_padding=&#8220;0%||1%||false|false&#8220; custom_padding_tablet=&#8220;0px||1%||false|false&#8220; custom_padding_phone=&#8220;5%||6%||false|false&#8220; border_width_bottom=&#8220;1px&#8220; border_color_bottom=&#8220;#FFFFFF&#8220; global_colors_info=&#8220;{}&#8220;][et_pb_column_inner type=&#8220;1_2&#8243; saved_specialty_column_type=&#8220;1_2&#8243; _builder_version=&#8220;4.27.4&#8243; _module_preset=&#8220;default&#8220; global_colors_info=&#8220;{}&#8220;][et_pb_text _builder_version=&#8220;4.27.4&#8243; _module_preset=&#8220;default&#8220; header_5_text_color=&#8220;#D37033&#8243; header_5_font_size=&#8220;22px&#8220; header_5_letter_spacing=&#8220;0.8px&#8220; header_5_text_color_tablet=&#8220;#FFFFFF&#8220; header_5_text_color_phone=&#8220;#D37033&#8243; header_5_text_color_last_edited=&#8220;off|tablet&#8220; global_colors_info=&#8220;{}&#8220;]<\/p>\n<h5>Firmensitz<\/h5>\n<p>[\/et_pb_text][\/et_pb_column_inner][et_pb_column_inner type=&#8220;1_2&#8243; saved_specialty_column_type=&#8220;1_2&#8243; _builder_version=&#8220;4.27.4&#8243; _module_preset=&#8220;default&#8220; global_colors_info=&#8220;{}&#8220;][et_pb_text _builder_version=&#8220;4.27.4&#8243; _module_preset=&#8220;default&#8220; text_text_color=&#8220;#F2F2F2&#8243; text_letter_spacing=&#8220;0.5px&#8220; text_line_height=&#8220;1.8em&#8220; link_text_color=&#8220;#F2F2F2&#8243; width=&#8220;100%&#8220; custom_margin=&#8220;||2%||false|false&#8220; global_colors_info=&#8220;{}&#8220;]<\/p>\n<p><g id=\"gid_0\">Via Scandolare, 1<\/g><br \/>\n  <g id=\"gid_1\">36040 Salcedo (VI) Italien<\/g>\n<\/p>\n<p>[\/et_pb_text][\/et_pb_column_inner][\/et_pb_row_inner][et_pb_row_inner column_structure=&#8220;1_2,1_2&#8243; use_custom_gutter=&#8220;on&#8220; gutter_width=&#8220;1&#8243; custom_padding_last_edited=&#8220;on|phone&#8220; _builder_version=&#8220;4.27.4&#8243; _module_preset=&#8220;default&#8220; custom_padding=&#8220;2.5%||1%||false|false&#8220; custom_padding_tablet=&#8220;2%||1%||false|false&#8220; custom_padding_phone=&#8220;6%||5%||false|false&#8220; border_width_bottom=&#8220;1px&#8220; border_color_bottom=&#8220;#FFFFFF&#8220; global_colors_info=&#8220;{}&#8220;][et_pb_column_inner type=&#8220;1_2&#8243; saved_specialty_column_type=&#8220;1_2&#8243; _builder_version=&#8220;4.27.4&#8243; _module_preset=&#8220;default&#8220; global_colors_info=&#8220;{}&#8220;][et_pb_text _builder_version=&#8220;4.27.4&#8243; _module_preset=&#8220;default&#8220; header_5_text_color=&#8220;#D37033&#8243; header_5_font_size=&#8220;22px&#8220; header_5_letter_spacing=&#8220;0.8px&#8220; header_5_text_color_tablet=&#8220;#FFFFFF&#8220; header_5_text_color_phone=&#8220;#D37033&#8243; header_5_text_color_last_edited=&#8220;off|desktop&#8220; global_colors_info=&#8220;{}&#8220;]<\/p>\n<h5>Telefon<\/h5>\n<p>[\/et_pb_text][\/et_pb_column_inner][et_pb_column_inner type=&#8220;1_2&#8243; saved_specialty_column_type=&#8220;1_2&#8243; _builder_version=&#8220;4.27.4&#8243; _module_preset=&#8220;default&#8220; global_colors_info=&#8220;{}&#8220;][et_pb_text _builder_version=&#8220;4.27.4&#8243; _module_preset=&#8220;default&#8220; text_text_color=&#8220;#F2F2F2&#8243; text_letter_spacing=&#8220;0.5px&#8220; text_line_height=&#8220;1.8em&#8220; link_font=&#8220;||||on||||&#8220; link_text_color=&#8220;#F2F2F2&#8243; width=&#8220;100%&#8220; custom_margin=&#8220;||2%||false|false&#8220; global_colors_info=&#8220;{}&#8220;]<\/p>\n<p><a href=\"tel:+390445300499\">+39 0445 300499<\/a><\/p>\n<p>[\/et_pb_text][\/et_pb_column_inner][\/et_pb_row_inner][et_pb_row_inner column_structure=&#8220;1_2,1_2&#8243; use_custom_gutter=&#8220;on&#8220; gutter_width=&#8220;1&#8243; custom_padding_last_edited=&#8220;on|phone&#8220; _builder_version=&#8220;4.27.4&#8243; _module_preset=&#8220;default&#8220; custom_padding=&#8220;2.5%||1%||false|false&#8220; custom_padding_tablet=&#8220;2%||1%||false|false&#8220; custom_padding_phone=&#8220;6%||5%||false|false&#8220; border_width_bottom=&#8220;1px&#8220; border_color_bottom=&#8220;#FFFFFF&#8220; global_colors_info=&#8220;{}&#8220;][et_pb_column_inner type=&#8220;1_2&#8243; saved_specialty_column_type=&#8220;1_2&#8243; _builder_version=&#8220;4.27.4&#8243; _module_preset=&#8220;default&#8220; global_colors_info=&#8220;{}&#8220;][et_pb_text _builder_version=&#8220;4.27.4&#8243; _module_preset=&#8220;default&#8220; header_5_text_color=&#8220;#D37033&#8243; header_5_font_size=&#8220;22px&#8220; header_5_letter_spacing=&#8220;0.8px&#8220; header_5_text_color_tablet=&#8220;#FFFFFF&#8220; header_5_text_color_phone=&#8220;#D37033&#8243; header_5_text_color_last_edited=&#8220;on|phone&#8220; global_colors_info=&#8220;{}&#8220;]<\/p>\n<h5>E-mail<\/h5>\n<p>[\/et_pb_text][\/et_pb_column_inner][et_pb_column_inner type=&#8220;1_2&#8243; saved_specialty_column_type=&#8220;1_2&#8243; _builder_version=&#8220;4.27.4&#8243; _module_preset=&#8220;default&#8220; global_colors_info=&#8220;{}&#8220;][et_pb_text _builder_version=&#8220;4.27.4&#8243; _module_preset=&#8220;default&#8220; text_text_color=&#8220;#F2F2F2&#8243; text_letter_spacing=&#8220;0.5px&#8220; text_line_height=&#8220;1.8em&#8220; link_font=&#8220;||||on|||#F2F2F2|&#8220; link_text_color=&#8220;#F2F2F2&#8243; width=&#8220;100%&#8220; custom_margin=&#8220;||2%||false|false&#8220; global_colors_info=&#8220;{}&#8220;]<\/p>\n<p><a href=\"mailto:info@unicnet.com\">info@unicnet.com<\/a><\/p>\n<p>[\/et_pb_text][\/et_pb_column_inner][\/et_pb_row_inner][et_pb_row_inner _builder_version=&#8220;4.27.4&#8243; _module_preset=&#8220;default&#8220; global_colors_info=&#8220;{}&#8220;][et_pb_column_inner saved_specialty_column_type=&#8220;1_2&#8243; _builder_version=&#8220;4.27.4&#8243; _module_preset=&#8220;default&#8220; global_colors_info=&#8220;{}&#8220;][et_pb_code _builder_version=&#8220;4.27.4&#8243; _module_preset=&#8220;default&#8220; global_colors_info=&#8220;{}&#8220;]<iframe src=\"https:\/\/www.google.com\/maps\/embed?pb=!1m18!1m12!1m3!1d2783.51862772189!2d11.565833877009307!3d45.760795571080415!2m3!1f0!2f0!3f0!3m2!1i1024!2i768!4f13.1!3m3!1m2!1s0x4778c8bcb94180a9%3A0x9eeb194b5f38f033!2sUnic!5e0!3m2!1sit!2sit!4v1740385781959!5m2!1sit!2sit\" width=\"100%\" height=\"350\" style=\"border:0;\" allowfullscreen=\"\" loading=\"lazy\" referrerpolicy=\"no-referrer-when-downgrade\"><\/iframe>[\/et_pb_code][\/et_pb_column_inner][\/et_pb_row_inner][\/et_pb_column][et_pb_column type=&#8220;1_2&#8243; _builder_version=&#8220;4.16&#8243; custom_padding=&#8220;|||&#8220; global_colors_info=&#8220;{}&#8220; custom_padding__hover=&#8220;|||&#8220;][dvppl_cf7_styler button_alignment=&#8220;right&#8220; cf7=&#8220;8&#8243; form_background_color=&#8220;RGBA(255,255,255,0)&#8220; cr_custom_styles=&#8220;on&#8220; cr_selected_color=&#8220;#D37033&#8243; cr_border_color=&#8220;#FFFFFF&#8220; _builder_version=&#8220;4.27.4&#8243; _module_preset=&#8220;default&#8220; form_field_font_text_color=&#8220;#FFFFFF&#8220; labels_text_color=&#8220;#FFFFFF&#8220; labels_font_size=&#8220;16px&#8220; placeholder_text_color=&#8220;#FFFFFF&#8220; custom_submit_button=&#8220;on&#8220; submit_button_text_size=&#8220;20px&#8220; submit_button_bg_color=&#8220;#D37033&#8243; submit_button_border_width=&#8220;0px&#8220; submit_button_border_radius=&#8220;50px&#8220; submit_button_custom_padding=&#8220;|3em||3em|false|true&#8220; custom_margin_tablet=&#8220;10%||||false|false&#8220; custom_margin_phone=&#8220;10%||||false|false&#8220; custom_margin_last_edited=&#8220;on|tablet&#8220; border_radii_field=&#8220;on|10px|10px|10px|10px&#8220; border_color_all_field=&#8220;#FFFFFF&#8220; global_colors_info=&#8220;{}&#8220;][\/dvppl_cf7_styler][\/et_pb_column][\/et_pb_section]<\/p>\n","protected":false},"excerpt":{"rendered":"<p>Kontaktieren Sie unsFragen? Schreiben Sie uns \u00fcber das Formular oder rufen Sie uns an! FirmensitzVia Scandolare, 1 36040 Salcedo (VI) Italien Telefon+39 0445 300499E-mailinfo@unicnet.com<div class=\"et_pb_with_border et_pb_module dvppl_cf7_styler dvppl_cf7_styler_0\">\n\t\t\t\t\n\t\t\t\t\n\t\t\t\t\n\t\t\t\t\n\t\t\t\t\n\t\t\t\t\n\t\t\t\t<div class=\"et_pb_module_inner\">\n\t\t\t\t\t<div class=\"dipe-cf7-container dipe-cf7-button-right\">\n\t\t\t\t\n\t\t\t\t<div class=\"dipe-cf7 dipe-cf7-styler dipe-cf7-cr\">\n\t\t\t\t\t\n<div class=\"wpcf7 no-js\" id=\"wpcf7-f1218-o1\" lang=\"de-DE\" dir=\"ltr\" data-wpcf7-id=\"1218\">\n<div class=\"screen-reader-response\"><p role=\"status\" aria-live=\"polite\" aria-atomic=\"true\"><\/p> <ul><\/ul><\/div>\n<form action=\"\/de\/wp-json\/wp\/v2\/pages\/1166#wpcf7-f1218-o1\" method=\"post\" class=\"wpcf7-form init wpcf7-acceptance-as-validation\" aria-label=\"Kontaktformular\" enctype=\"multipart\/form-data\" novalidate=\"novalidate\" data-status=\"init\">\n<fieldset class=\"hidden-fields-container\"><input type=\"hidden\" name=\"_wpcf7\" value=\"1218\" \/><input type=\"hidden\" name=\"_wpcf7_version\" value=\"6.1.2\" \/><input type=\"hidden\" name=\"_wpcf7_locale\" value=\"de_DE\" \/><input type=\"hidden\" name=\"_wpcf7_unit_tag\" value=\"wpcf7-f1218-o1\" \/><input type=\"hidden\" name=\"_wpcf7_container_post\" value=\"0\" \/><input type=\"hidden\" name=\"_wpcf7_posted_data_hash\" value=\"\" \/><input type=\"hidden\" name=\"_wpcf7cf_hidden_group_fields\" value=\"[]\" \/><input type=\"hidden\" name=\"_wpcf7cf_hidden_groups\" value=\"[]\" \/><input type=\"hidden\" name=\"_wpcf7cf_visible_groups\" value=\"[]\" \/><input type=\"hidden\" name=\"_wpcf7cf_repeaters\" value=\"[]\" \/><input type=\"hidden\" name=\"_wpcf7cf_steps\" value=\"{}\" \/><input type=\"hidden\" name=\"_wpcf7cf_options\" value=\"{&quot;form_id&quot;:1218,&quot;conditions&quot;:[{&quot;then_field&quot;:&quot;group-preventivo&quot;,&quot;and_rules&quot;:[{&quot;if_field&quot;:&quot;richiesta&quot;,&quot;operator&quot;:&quot;equals&quot;,&quot;if_value&quot;:&quot;Preventivo&quot;}]}],&quot;settings&quot;:{&quot;animation&quot;:&quot;yes&quot;,&quot;animation_intime&quot;:200,&quot;animation_outtime&quot;:200,&quot;conditions_ui&quot;:&quot;normal&quot;,&quot;notice_dismissed&quot;:false,&quot;notice_dismissed_rollback-cf7-6.0.4&quot;:true,&quot;notice_dismissed_update-cf7-6.0.6&quot;:true}}\" \/>\n<\/fieldset>\n<div>\n<label> Vor- und Nachname\n    <span class=\"wpcf7-form-control-wrap\" data-name=\"your-name\"><input size=\"40\" maxlength=\"400\" class=\"wpcf7-form-control wpcf7-text wpcf7-validates-as-required\" autocomplete=\"name\" aria-required=\"true\" aria-invalid=\"false\" value=\"\" type=\"text\" name=\"your-name\" \/><\/span> <\/label>\n<\/div>\n<div class=\"row-half\">\n<div>\n<label> Email\n    <span class=\"wpcf7-form-control-wrap\" data-name=\"your-email\"><input size=\"40\" maxlength=\"400\" class=\"wpcf7-form-control wpcf7-email wpcf7-validates-as-required wpcf7-text wpcf7-validates-as-email\" autocomplete=\"email\" aria-required=\"true\" aria-invalid=\"false\" value=\"\" type=\"email\" name=\"your-email\" \/><\/span> <\/label><\/div>\n<div>\n<label> Telefon\n    <span class=\"wpcf7-form-control-wrap\" data-name=\"phone\"><input size=\"40\" maxlength=\"400\" class=\"wpcf7-form-control wpcf7-tel wpcf7-validates-as-required wpcf7-text wpcf7-validates-as-tel\" aria-required=\"true\" aria-invalid=\"false\" value=\"\" type=\"tel\" name=\"phone\" \/><\/span> <\/label><\/div>\n<\/div>\n<div class=\"row-half\">\n<div>\n<label> Stadt\n    <span class=\"wpcf7-form-control-wrap\" data-name=\"country\"><input size=\"40\" maxlength=\"400\" class=\"wpcf7-form-control wpcf7-text wpcf7-validates-as-required\" aria-required=\"true\" aria-invalid=\"false\" value=\"\" type=\"text\" name=\"country\" \/><\/span> <\/label><\/div>\n<div>\n<label> Firmenname\n    <span class=\"wpcf7-form-control-wrap\" data-name=\"ragione-sociale\"><input size=\"40\" maxlength=\"400\" class=\"wpcf7-form-control wpcf7-text wpcf7-validates-as-required\" aria-required=\"true\" aria-invalid=\"false\" value=\"\" type=\"text\" name=\"ragione-sociale\" \/><\/span> <\/label><\/div>\n<\/div>\n<label> Anfordern<\/label>\n<span class=\"wpcf7-form-control-wrap\" data-name=\"richiesta\"><span class=\"wpcf7-form-control wpcf7-checkbox wpcf7-validates-as-required wpcf7-exclusive-checkbox\"><span class=\"wpcf7-list-item first\"><label><input type=\"checkbox\" name=\"richiesta\" value=\"Informationen\" \/><span class=\"wpcf7-list-item-label\">Informationen<\/span><\/label><\/span><span class=\"wpcf7-list-item last\"><label><input type=\"checkbox\" name=\"richiesta\" value=\"Kostenvoranschlag\" \/><span class=\"wpcf7-list-item-label\">Kostenvoranschlag<\/span><\/label><\/span><\/span><\/span>\n\n<div data-id=\"group-preventivo\" data-orig_data_id=\"group-preventivo\" data-clear_on_hide class=\"\" data-class=\"wpcf7cf_group\">\n<label class=\"preventivo\">Menge\n<span class=\"wpcf7-form-control-wrap\" data-name=\"quantita\"><input class=\"wpcf7-form-control wpcf7-number wpcf7-validates-as-required wpcf7-validates-as-number\" min=\"1\" aria-required=\"true\" aria-invalid=\"false\" value=\"\" type=\"number\" name=\"quantita\" \/><\/span><\/label>\n\n<label class=\"pdf\">Laden Sie Ihr Design hoch\n<span class=\"wpcf7-form-control-wrap\" data-name=\"doc\"><input size=\"40\" class=\"wpcf7-form-control wpcf7-file wpcf7-validates-as-required\" accept=\".pdf,.jpg,.jpeg,.png\" aria-required=\"true\" aria-invalid=\"false\" type=\"file\" name=\"doc\" \/><\/span><\/label>\n<\/div>\n\n<label> Nachricht\n    <span class=\"wpcf7-form-control-wrap\" data-name=\"message\"><textarea cols=\"40\" rows=\"10\" maxlength=\"2000\" class=\"wpcf7-form-control wpcf7-textarea wpcf7-validates-as-required\" aria-required=\"true\" aria-invalid=\"false\" name=\"message\"><\/textarea><\/span> <\/label>\n\n<span class=\"wpcf7-form-control-wrap\" data-name=\"acceptance\"><span class=\"wpcf7-form-control wpcf7-acceptance\"><span class=\"wpcf7-list-item\"><label><input type=\"checkbox\" name=\"acceptance\" value=\"1\" aria-invalid=\"false\" \/><span class=\"wpcf7-list-item-label\">Ich stimme der Verarbeitung meiner personenbezogenen Daten gem\u00e4\u00df der Datenschutzerkl\u00e4rung dieser Website (EU-Verordnung 2016\/679)* zu.<\/span><\/label><\/span><\/span><\/span>\n<input class=\"wpcf7-form-control wpcf7-submit has-spinner\" type=\"submit\" value=\"Senden\" \/><div class=\"wpcf7-response-output\" aria-hidden=\"true\"><\/div>\n<\/form>\n<\/div>\n\n\t\t\t\t<\/div>\n\t\t\t<\/div>\n\t\t\t\t<\/div>\n\t\t\t<\/div><\/p>\n","protected":false},"author":1,"featured_media":0,"parent":0,"menu_order":0,"comment_status":"closed","ping_status":"closed","template":"","meta":{"_acf_changed":false,"_et_pb_use_builder":"on","_et_pb_old_content":"","_et_gb_content_width":"","footnotes":""},"class_list":["post-1166","page","type-page","status-publish","hentry"],"acf":[],"_links":{"self":[{"href":"https:\/\/unic.indaweb.it\/de\/wp-json\/wp\/v2\/pages\/1166","targetHints":{"allow":["GET"]}}],"collection":[{"href":"https:\/\/unic.indaweb.it\/de\/wp-json\/wp\/v2\/pages"}],"about":[{"href":"https:\/\/unic.indaweb.it\/de\/wp-json\/wp\/v2\/types\/page"}],"author":[{"embeddable":true,"href":"https:\/\/unic.indaweb.it\/de\/wp-json\/wp\/v2\/users\/1"}],"replies":[{"embeddable":true,"href":"https:\/\/unic.indaweb.it\/de\/wp-json\/wp\/v2\/comments?post=1166"}],"version-history":[{"count":4,"href":"https:\/\/unic.indaweb.it\/de\/wp-json\/wp\/v2\/pages\/1166\/revisions"}],"predecessor-version":[{"id":1172,"href":"https:\/\/unic.indaweb.it\/de\/wp-json\/wp\/v2\/pages\/1166\/revisions\/1172"}],"wp:attachment":[{"href":"https:\/\/unic.indaweb.it\/de\/wp-json\/wp\/v2\/media?parent=1166"}],"curies":[{"name":"wp","href":"https:\/\/api.w.org\/{rel}","templated":true}]}}